{"id":9,"date":"2018-01-23T12:10:50","date_gmt":"2018-01-23T11:10:50","guid":{"rendered":"http:\/\/lecorpsasesraisons.fr\/?page_id=9"},"modified":"2024-08-30T13:19:07","modified_gmt":"2024-08-30T11:19:07","slug":"anatomie","status":"publish","type":"page","link":"https:\/\/lecorpsasesraisons.fr\/index.php\/anatomie\/","title":{"rendered":"Danse et Anatomie"},"content":{"rendered":"\n<h2><strong><em>anatomie, th\u00e9orique et pratique<\/em><\/strong><\/h2>\n<h4><strong><em>conna\u00eetre l&rsquo;essentiel pour prendre soin de soi<\/em><\/strong><\/h4>\n<p>Destin\u00e9s aux sportives et sportifs, enseignant.e.s d&rsquo;activit\u00e9s corporelles, ou \u00e0 toute personne d\u00e9sireuse de conna\u00eetre les fondamentaux pour pr\u00e9server son corps dans les gestes quotidiens, les \u00e9tirements apr\u00e8s une s\u00e9ance de sport&#8230;<\/p>\n<p><em>utiliser le m\u00e9dia de la danse pour int\u00e9grer les connaissances anatomique<\/em><\/p>\n<p>Une information anatomique avec exercices pratiques suivie d&rsquo;une exploration dans\u00e9e pour\u00a0 une bonne int\u00e9gration corporelle.<\/p>\n<p>La mairie de Nantes a soutenu ce projet en nous permettant l&rsquo;acquisition d&rsquo;un squelette, mis \u00e0 disposition des \u00e9l\u00e8ves.<\/p>\n\n\n\n<figure class=\"wp-block-image aligncenter is-resized\"><img loading=\"lazy\" decoding=\"async\" width=\"800\" height=\"800\" src=\"https:\/\/lecorpsasesraisons.fr\/wp-content\/uploads\/2021\/11\/squelette-de-danse-48937265.jpg\" alt=\"\" class=\"wp-image-1188\" style=\"width:292px;height:auto\" srcset=\"https:\/\/lecorpsasesraisons.fr\/wp-content\/uploads\/2021\/11\/squelette-de-danse-48937265.jpg 800w, https:\/\/lecorpsasesraisons.fr\/wp-content\/uploads\/2021\/11\/squelette-de-danse-48937265-150x150.jpg 150w, https:\/\/lecorpsasesraisons.fr\/wp-content\/uploads\/2021\/11\/squelette-de-danse-48937265-300x300.jpg 300w, https:\/\/lecorpsasesraisons.fr\/wp-content\/uploads\/2021\/11\/squelette-de-danse-48937265-768x768.jpg 768w\" sizes=\"(max-width: 800px) 100vw, 800px\" \/><\/figure>\n","protected":false},"excerpt":{"rendered":"<p>anatomie, th\u00e9orique et pratique conna\u00eetre l&rsquo;essentiel pour prendre soin de soi Destin\u00e9s aux sportives et sportifs, enseignant.e.s d&rsquo;activit\u00e9s corporelles, ou \u00e0 toute personne d\u00e9sireuse de conna\u00eetre les fondamentaux pour pr\u00e9server son corps dans les gestes quotidiens, les \u00e9tirements apr\u00e8s une s\u00e9ance de sport&#8230; utiliser le m\u00e9dia de la danse pour int\u00e9grer les connaissances anatomique Une [&hellip;]<\/p>\n","protected":false},"author":1,"featured_media":0,"parent":0,"menu_order":0,"comment_status":"closed","ping_status":"closed","template":"","meta":{"footnotes":""},"_links":{"self":[{"href":"https:\/\/lecorpsasesraisons.fr\/index.php\/wp-json\/wp\/v2\/pages\/9"}],"collection":[{"href":"https:\/\/lecorpsasesraisons.fr\/index.php\/wp-json\/wp\/v2\/pages"}],"about":[{"href":"https:\/\/lecorpsasesraisons.fr\/index.php\/wp-json\/wp\/v2\/types\/page"}],"author":[{"embeddable":true,"href":"https:\/\/lecorpsasesraisons.fr\/index.php\/wp-json\/wp\/v2\/users\/1"}],"replies":[{"embeddable":true,"href":"https:\/\/lecorpsasesraisons.fr\/index.php\/wp-json\/wp\/v2\/comments?post=9"}],"version-history":[{"count":35,"href":"https:\/\/lecorpsasesraisons.fr\/index.php\/wp-json\/wp\/v2\/pages\/9\/revisions"}],"predecessor-version":[{"id":2668,"href":"https:\/\/lecorpsasesraisons.fr\/index.php\/wp-json\/wp\/v2\/pages\/9\/revisions\/2668"}],"wp:attachment":[{"href":"https:\/\/lecorpsasesraisons.fr\/index.php\/wp-json\/wp\/v2\/media?parent=9"}],"curies":[{"name":"wp","href":"https:\/\/api.w.org\/{rel}","templated":true}]}}