{"id":7,"date":"2018-01-23T12:11:20","date_gmt":"2018-01-23T11:11:20","guid":{"rendered":"http:\/\/lecorpsasesraisons.fr\/?page_id=7"},"modified":"2025-01-23T18:18:08","modified_gmt":"2025-01-23T17:18:08","slug":"danse-improvisee","status":"publish","type":"page","link":"https:\/\/lecorpsasesraisons.fr\/index.php\/danse-improvisee\/","title":{"rendered":"Pr\u00e9sentation"},"content":{"rendered":"\n<h2 class=\"wp-block-heading\">Danse d&rsquo;improvisation guid\u00e9e<\/h2>\n\n\n\n<h3 class=\"wp-block-heading\">Intervenante :\u00a0<a href=\"https:\/\/lecorpsasesraisons.fr\/index.php\/sandrine-gallois\/\" target=\"_blank\" rel=\"noreferrer noopener\">Sandrine Gallois<\/a><\/h3>\n\n\n\n<p>Explorer diff\u00e9rentes fa\u00e7ons de se mouvoir, sans contrainte chor\u00e9graphique.<br>Traverser diff\u00e9rents \u00e9tats de corps, gr\u00e2ce \u00e0 des th\u00e9matiques choisies par l&rsquo;intervenante et que vous pourrez \u00e9toffer tout au long de l&rsquo;ann\u00e9e.<br>S&rsquo;offrir un espace de libert\u00e9 corporelle pour prendre soin de soi, se d\u00e9couvrir et d\u00e9couvrir l\u2019autre autrement.<br>Il ne s&rsquo;agit pas d&rsquo;ateliers de \u00ab\u00a0danse contact\u00a0\u00bb, bien que le sens du toucher n&rsquo;y soit pas interdit.<br>Rien est interdit, rien n&rsquo;est impos\u00e9, tout est sugg\u00e9r\u00e9&#8230;<\/p>\n\n\n\n<p>Ouvert aux hommes et aux femmes avec ou sans exp\u00e9rience de mouvement.<\/p>\n\n\n\n<p>Les dates et lieux sont <a href=\"https:\/\/lecorpsasesraisons.fr\/index.php\/infos-pratique\/\">ICI<\/a><\/p>\n\n\n\n<p>Les tarifs c&rsquo;est <a href=\"https:\/\/lecorpsasesraisons.fr\/index.php\/tarifs\/\" target=\"_blank\" rel=\"noreferrer noopener\">par l\u00e0<\/a><\/p>\n","protected":false},"excerpt":{"rendered":"<p>Danse d&rsquo;improvisation guid\u00e9e Intervenante :\u00a0Sandrine Gallois Explorer diff\u00e9rentes fa\u00e7ons de se mouvoir, sans contrainte chor\u00e9graphique.Traverser diff\u00e9rents \u00e9tats de corps, gr\u00e2ce \u00e0 des th\u00e9matiques choisies par l&rsquo;intervenante et que vous pourrez \u00e9toffer tout au long de l&rsquo;ann\u00e9e.S&rsquo;offrir un espace de libert\u00e9 corporelle pour prendre soin de soi, se d\u00e9couvrir et d\u00e9couvrir l\u2019autre autrement.Il ne s&rsquo;agit pas [&hellip;]<\/p>\n","protected":false},"author":1,"featured_media":0,"parent":0,"menu_order":0,"comment_status":"closed","ping_status":"closed","template":"","meta":{"footnotes":""},"_links":{"self":[{"href":"https:\/\/lecorpsasesraisons.fr\/index.php\/wp-json\/wp\/v2\/pages\/7"}],"collection":[{"href":"https:\/\/lecorpsasesraisons.fr\/index.php\/wp-json\/wp\/v2\/pages"}],"about":[{"href":"https:\/\/lecorpsasesraisons.fr\/index.php\/wp-json\/wp\/v2\/types\/page"}],"author":[{"embeddable":true,"href":"https:\/\/lecorpsasesraisons.fr\/index.php\/wp-json\/wp\/v2\/users\/1"}],"replies":[{"embeddable":true,"href":"https:\/\/lecorpsasesraisons.fr\/index.php\/wp-json\/wp\/v2\/comments?post=7"}],"version-history":[{"count":46,"href":"https:\/\/lecorpsasesraisons.fr\/index.php\/wp-json\/wp\/v2\/pages\/7\/revisions"}],"predecessor-version":[{"id":2880,"href":"https:\/\/lecorpsasesraisons.fr\/index.php\/wp-json\/wp\/v2\/pages\/7\/revisions\/2880"}],"wp:attachment":[{"href":"https:\/\/lecorpsasesraisons.fr\/index.php\/wp-json\/wp\/v2\/media?parent=7"}],"curies":[{"name":"wp","href":"https:\/\/api.w.org\/{rel}","templated":true}]}}