{"id":2621,"date":"2024-08-30T00:18:24","date_gmt":"2024-08-29T22:18:24","guid":{"rendered":"https:\/\/lecorpsasesraisons.fr\/?page_id=2621"},"modified":"2026-02-01T14:36:03","modified_gmt":"2026-02-01T13:36:03","slug":"cours-du-jeudi-soir","status":"publish","type":"page","link":"https:\/\/lecorpsasesraisons.fr\/index.php\/cours-du-jeudi-soir\/","title":{"rendered":"Cours du jeudi soir"},"content":{"rendered":"\n<div class=\"wp-block-group has-global-padding is-layout-constrained wp-block-group-is-layout-constrained\">\n<h4 class=\"wp-block-heading has-mono-2-color has-text-color has-link-color wp-elements-d58830be7c6d3358da9d503983845cda\">ENFIN ! Nous avons une salle pour proposer des cours r\u00e9guliers !<\/h4>\n\n\n\n<h3 class=\"wp-block-heading\"><strong>L&rsquo;\u00e9quipe du centre socio-culturel de la piloti\u00e8re<br> nous ouvre ses portes<\/strong><\/h3>\n\n\n\n<p><strong>31 rue des Platanes 44300 Nantes<\/strong><br>Tram 1 : Haluch\u00e8re ou Pin Sec <br>Bus C1 Platane<br>A deux pas de notre salle habituelle du dimanche<\/p>\n\n\n\n<p><strong>Un grand merci \u00e0 l&rsquo;association <a href=\"https:\/\/www.diabolosnantes.fr\/\" data-type=\"link\" data-id=\"https:\/\/www.diabolosnantes.fr\/\" target=\"_blank\" rel=\"noreferrer noopener\">Diabolos Nantes<\/a> d&rsquo;avoir partag\u00e9 leur cr\u00e9neau du jeudi soir, nous souhaitons proposer des cours r\u00e9guliers adultes depuis tant d&rsquo;ann\u00e9es !<\/strong><\/p>\n\n\n\n<h1 class=\"wp-block-heading has-text-align-center has-background\" style=\"background-color:#ffa500\">saison 2025 &#8211; 2026<\/h1>\n\n\n\n<h2 class=\"wp-block-heading has-text-align-center has-background\" style=\"background-color:#ffa500\">jeudis soirs semaines impaires 19h30 &#8211; 22h<\/h2>\n\n\n\n<p>Chaque cours dure 2h30, nous commen\u00e7ons par une petit tour de parole et une m\u00e9ditation.<br>\u26a0\ufe0fMerci d&rsquo;arriver le plus discr\u00e8tement possible avant 20h \ud83d\udc96<\/p>\n\n\n\n<div class=\"wp-block-columns is-layout-flex wp-container-core-columns-is-layout-1 wp-block-columns-is-layout-flex\">\n<div class=\"wp-block-column is-vertically-aligned-center is-layout-flow wp-block-column-is-layout-flow\">\n<p class=\"has-text-align-right\"><strong>Lien d&rsquo;inscription helloasso :<\/strong><\/p>\n<\/div>\n\n\n\n<div class=\"wp-block-column is-layout-flow wp-block-column-is-layout-flow\">\n<div class=\"wp-block-buttons is-layout-flex wp-block-buttons-is-layout-flex\">\n<div class=\"wp-block-button\"><a class=\"wp-block-button__link wp-element-button\" href=\"https:\/\/www.helloasso.com\/associations\/le-corps-a-ses-raisons\/evenements\/les-cours-du-jeudi\" target=\"_blank\" rel=\"noreferrer noopener\">helloasso jeudi <\/a><\/div>\n<\/div>\n<\/div>\n<\/div>\n\n\n\n<h5 class=\"wp-block-heading\">\ud83c\udf3aCycle \u00ab\u00a0\u00e0 la rencontre de nos d\u00e9esses int\u00e9rieures\u00a0\u00bb &#8211; 8 ou 9 s\u00e9ances de janvier \u00e0 juin<\/h5>\n\n\n\n<p><strong>29 Janvier 2026<\/strong> \u00ab\u00a0Ancrer son corps dans l\u2019\u00e9nergie de la d\u00e9esse Ga\u00efa &#8211; la Terre m\u00e8re\u00a0\u00bb <br><strong>12 Fevrier 2026<\/strong> \u00ab\u00a0\u00e0 la rencontre d&rsquo;Art\u00e9mis\u00a0\u00bb &#8211; la femme sauvage<br><strong>12 Mars 2026<\/strong> \u00ab\u00a0Aphrodite\u00a0\u00bb &#8211; d\u00e9esse de l&rsquo;amour et de la beaut\u00e9 &#8211; exprimer ses d\u00e9sirs<br><strong>26 Mars 2026<\/strong> \u00ab\u00a0Pers\u00e9phone\u00a0\u00bb &#8211; arch\u00e9type de la jeune fille &#8211; retrouver son innocence<br><strong>09 Avril 2026<\/strong> \u00ab\u00a0\u00e0 la rencontre de D\u00e9meter\u00a0\u00bb &#8211; arch\u00e9type de la m\u00e8re\/d\u00e9esse de la fertilit\u00e9 et des moissons<br><strong>07 Mai 2026<\/strong> \u00ab\u00a0Hestia\u00a0\u00bb &#8211; d\u00e9esse du foyer &#8211; cultiver le feu sacr\u00e9 <br><strong>21 Mai 2026<\/strong> \u00ab\u00a0H\u00e9ra\u00a0\u00bb et \u00ab\u00a0Ath\u00e9na\u00a0\u00bb &#8211; arch\u00e9type de reine &#8211; renforcer son charisme et \u00ab\u00a0Ath\u00e9na\u00a0\u00bb d\u00e9esse de la guerre et de la sagesse<br><strong>04 Juin 2026<\/strong> r\u00e9v\u00e9ler notre propre souverainet\u00e9<br>Si tout se passe bien, nous pourrons ajouter une s\u00e9ance de plus le 18 Juin et dissocier H\u00e9ra et Ath\u00e9na<\/p>\n\n\n\n<p>Tarifs ici : <a href=\"https:\/\/lecorpsasesraisons.fr\/index.php\/tarifs\/\">https:\/\/lecorpsasesraisons.fr\/index.php\/tarifs\/<\/a> ou sur : <\/p>\n\n\n\n<div class=\"wp-block-buttons is-layout-flex wp-block-buttons-is-layout-flex\">\n<div class=\"wp-block-button\"><a class=\"wp-block-button__link wp-element-button\" href=\"https:\/\/www.helloasso.com\/associations\/le-corps-a-ses-raisons\/evenements\/les-cours-du-jeudi\" target=\"_blank\" rel=\"noreferrer noopener\">Hello asso<\/a><\/div>\n<\/div>\n\n\n\n<h3 class=\"wp-block-heading\">D\u00e9j\u00e0 pass\u00e9 : <\/h3>\n\n\n\n<h5 class=\"wp-block-heading\">\ud83c\udf41Cycle \u00ab\u00a0les chakras, ces centres \u00e9nerg\u00e9tiques dansants \u00a0\u00bb <\/h5>\n\n\n\n<p>7 s\u00e9ances pour explorer dans son corps diff\u00e9rents centres dansants.<br>Le premier cours sera bien s\u00fbr d\u00e9di\u00e9 au chakra racine, et nous remonterons l&rsquo;arc-en-ciel de s\u00e9ances en s\u00e9ances pour terminer la 7eme s\u00e9ance avec une reliance entre le ciel et la terre.<\/p>\n\n\n\n<p><strong>25\/09<\/strong> Muladhara chakra, le chakra racine : stabiliser ses fondations<br><strong>09\/10<\/strong> Svadhisthana chakra, le chakra sacr\u00e9 : \u00e9couter ses d\u00e9sirs et trouver l&rsquo;\u00e9lan cr\u00e9atif<br><strong>06\/11<\/strong> Manipura chakra, le 3\u00e8me chakra : gagner en confiance pour passer \u00e0 l&rsquo;action<br><strong>20\/11<\/strong> Anahata chakra, le chakra du coeur : ouvrir son coeur, culviter sa bienveillance sans s&rsquo;oublier<br><strong>04\/12<\/strong> Vishuddha chakra, le 5\u00e8me chakra : purifier son syst\u00e8me de communication <br><strong>18\/12<\/strong> Ajna chakra, le chakra du trois\u00e8me oeil : d\u00e9velopper son intuition, \u00e9couter sa sagesse int\u00e9rieure<br><strong>15\/01<\/strong> Sahasrara chakra, le 7\u00e8me chakra : se connecter au divin, et laisser glisser sur terre<br><\/p>\n\n\n\n<p>Groupe de 8 personnes maximum. <\/p>\n\n\n\n<p>La salle peut accueillir jusqu&rsquo;\u00e0 8 &#8211; 10 personnes pour avoir suffisamment d&rsquo;espace (pour les connaisseurs\/connaisseuses de la pilo, ce n&rsquo;est pas la grande salle mais sa petite s\u0153ur juste \u00e0 c\u00f4t\u00e9).<br>Bien s\u00fbr, nous avons trouv\u00e9 un ing\u00e9nieux syst\u00e8me pour cacher les miroirs, afin de sentir, ressentir en vous les explorations propos\u00e9es \ud83d\ude09<\/p>\n\n\n\n<p><a href=\"https:\/\/lecorpsasesraisons.fr\/index.php\/tarifs\/\" data-type=\"link\" data-id=\"https:\/\/lecorpsasesraisons.fr\/index.php\/tarifs\/\">Tarifs ici<\/a><\/p>\n\n\n\n<p><strong>Bonne nouvelle !  <\/strong><br>Pour une inscription \u00e0 l&rsquo;ann\u00e9e &#8211; sur les 2 cycles, <strong>l\u2019aide \u00e0 la pratique&nbsp; sportive ou culturelle peut s&rsquo;appliquer <\/strong>pour les titulaires de la carte blanche  <a href=\"https:\/\/metropole.nantes.fr\/carte-blanche\" target=\"_blank\" rel=\"noreferrer noopener\">Voir ici :  carte blanche<\/a><\/p>\n\n\n\n<p><\/p>\n\n\n\n<p class=\"has-text-align-center\">&#8212;&#8212;&#8212;&#8212;&#8212;&#8212;&#8212;&#8212;&#8212;&#8212;&#8212;&#8212;&#8212;&#8212;&#8212;&#8212;&#8212;-<\/p>\n\n\n\n<h2 class=\"wp-block-heading\">Ann\u00e9e 2024 &#8211; 2025<\/h2>\n\n\n\n<p>Vous connaissez le principe de Synchronicit\u00e9 mis en lumi\u00e8re par C.G. Jung ?<br>Figurez-vous que Sandrine, <a href=\"https:\/\/lecorpsasesraisons.fr\/index.php\/sandrine-gallois\/\" data-type=\"link\" data-id=\"https:\/\/lecorpsasesraisons.fr\/index.php\/sandrine-gallois\/\" target=\"_blank\" rel=\"noreferrer noopener\">notre intervenante<\/a>, vient de terminer une formation \u00ab\u00a0la d\u00e9esse r\u00e9v\u00e9l\u00e9e\u00a0\u00bb aupr\u00e8s de <a href=\"https:\/\/dansedeletre.org\/\" target=\"_blank\" rel=\"noreferrer noopener\">Fabienne Courmont<\/a><\/p>\n\n\n\n<h3 class=\"wp-block-heading has-text-color has-link-color wp-elements-47a930bab36dc797501be2755bed3bed\" style=\"color:#cb320c\">Nous proposons donc un cycle de 10 cours<br>A la rencontre de nos d\u00e9esses int\u00e9rieures<\/h3>\n\n\n\n<p><strong>Les jeudis 19h45 &#8211; 22h en semaines pairs  : <\/strong>hors vacances scolaires<br>Ouverture de la salle \u00e0 19h30, afin de commencer \u00e0 l&rsquo;heure et ne pas finir trop tard^^<\/p>\n\n\n\n<p><strong>d\u00e9roul\u00e9 d&rsquo;un cours type :<\/strong><br>19h45 temps de parole, explication du th\u00e8me de la soir\u00e9e<br>20h  une courte m\u00e9ditation ou un auto massage puis des propositions dans\u00e9es dans un univers musical en lien avec le th\u00e8me et les consignes que vous \u00eates libre de \u00ab\u00a0prendre\u00a0\u00bb ou non. <br>Selon les envies et le th\u00e8me, des moments de partages \u00e0 plusieurs pourront \u00eatre propos\u00e9es, et si touch\u00e9 il y a, ce n&rsquo;est jamais obligatoire et toujours dans le respect de soi et des autres.<br>21h30\/45 : retour \u00e0 soi en danse puis au sol pour un petit moment d&rsquo;\u00e9tirement<\/p>\n\n\n\n<p><strong>Si vous arrivez apr\u00e8s 20h : merci de vous installer discr\u00e8tement afin de respecter le travail en cours. <\/strong><\/p>\n\n\n\n<p>17 octobre 2024 \u00ab\u00a0Ancrer son corps dans l\u2019\u00e9nergie de la d\u00e9esse Ga\u00efa\u00a0\u00bb &#8211; tarif d\u00e9couverte<br>14 novembre \u00ab\u00a0\u00e0 la rencontre d&rsquo;Art\u00e9mis\u00a0\u00bb &#8211; la femme sauvage<br>28 novembre \u00ab\u00a0\u00e0 la rencontre de D\u00e9meter\u00a0\u00bb &#8211; arch\u00e9type de la m\u00e8re\/d\u00e9esse de la fertilit\u00e9 et des moissons<br>12 d\u00e9cembre \u00ab\u00a0Pers\u00e9phone\u00a0\u00bb &#8211; arch\u00e9type de la jeune fille<br>09 janvier 2025 \u00ab\u00a0Aphrodite\u00a0\u00bb &#8211; d\u00e9esse de l&rsquo;amour et de la beaut\u00e9 &#8211; exprimer ses d\u00e9sirs<br>23 janvier \u00ab\u00a0Hestia\u00a0\u00bb &#8211; d\u00e9esse du foyer et du feu sacr\u00e9<br>06 f\u00e9vrier \u00ab\u00a0H\u00e9ra\u00a0\u00bb &#8211; la favorite\/arch\u00e9type de reine &#8211; renforcer son charisme<br>06 mars \u00ab\u00a0Ath\u00e9na\u00a0\u00bb &#8211; d\u00e9esse de la guerre et de la sagesse<br>Les <strong>20 mars et 03 avril<\/strong> nous ferons un feu d&rsquo;artifice de toutes les d\u00e9esses pour r\u00e9v\u00e9ler notre propre souverainet\u00e9.<br><strong>R\u00e9serv\u00e9 aux personnes qui connaissent d\u00e9j\u00e0 le travail de <\/strong><a href=\"https:\/\/lecorpsasesraisons.fr\/index.php\/sandrine-gallois\/\" data-type=\"link\" data-id=\"https:\/\/lecorpsasesraisons.fr\/index.php\/sandrine-gallois\/\" target=\"_blank\" rel=\"noreferrer noopener\">Sandrine<\/a><strong> <\/strong>: Avoir suivi une partie du cycle ou \u00eatre d\u00e9j\u00e0 venu \u00e0 2 ou 3 dimanches^^<\/p>\n\n\n\n<p>Il y aura surement d&rsquo;autres jeudis semaines pairs apr\u00e8s les vacances scolaires d&rsquo;avril sur un th\u00e8me diff\u00e9rent.<\/p>\n\n\n\n<p class=\"has-text-color has-link-color wp-elements-6d8659033a11665d11528c5843d234cc\" style=\"color:#cb320c\"><strong>Inscription \u00e0 la s\u00e9ance ou \u00e0 tout le cycle selon vos possibilit\u00e9s et envies<\/strong> :<br>Dans la limite de 8\/10 personnes, salle moins grande qu&rsquo;\u00e0 koufra&#8230;<\/p>\n\n\n\n<p><strong>Tarif<\/strong> d\u00e9couverte : 10\u20ac &#8211; le 17 octobre<br>S\u00e9ances \u00e0 l\u2019unit\u00e9 : 20\u20ac<br>Cycle entier : 170\u20ac<br>+ Adh\u00e9sion valable aussi pour les <a href=\"https:\/\/lecorpsasesraisons.fr\/index.php\/ateliers-du-dimanche\/\" target=\"_blank\" rel=\"noreferrer noopener\">ateliers du dimanche<\/a> jusqu&rsquo;en Juin 2025 : 5, 10 ou 15 \u20ac <br>5\u20ac si vos finances ne permettent pas plus (nous ne demandons pas de justificatifs et ne portons aucun jugement) <br>10 \u20ac tarif normal<br>15 \u20ac pour soutenir l&rsquo;association<\/p>\n\n\n\n<p>Les hommes sont bien s\u00fbr les bienvenus dans l&rsquo;aventure.<\/p>\n\n\n\n<p>Pour rester dans les pas de Jung, ces d\u00e9esses seront abord\u00e9es comme des arch\u00e9types tels la femme sauvage (Art\u00e9mis), la jeune fille (Pers\u00e9phone) etc.<br>L&rsquo;id\u00e9e \u00e9tant d&rsquo;utiliser ces figures de la mythologie grecque non comme des d\u00e9esses \u00e0 \u00ab\u00a0prier\u00a0\u00bb mais \u00e0 plut\u00f4t \u00e0 ressentir pour d\u00e9velopper en soi leurs forces et qualit\u00e9s et les mettre \u00e0 profit dans nos vies.<br>Le contenu p\u00e9dagogique sera \u00e9toff\u00e9 au fil de l&rsquo;eau, et il n&rsquo;est pas impossible que 2 ou 3 d\u00e9esses soient interverties. Si un arch\u00e9type vous int\u00e9resse plus particuli\u00e8rement, restez inform\u00e9s en consultant cette page ou en vous inscrivant \u00e0 <a href=\"https:\/\/lecorpsasesraisons.fr\/index.php\/inscrivez-vous-a-la-newsletter\/\">notre news letter<\/a><\/p>\n\n\n\n<p><\/p>\n\n\n\n<p><\/p>\n<\/div>\n","protected":false},"excerpt":{"rendered":"<p>ENFIN ! Nous avons une salle pour proposer des cours r\u00e9guliers ! L&rsquo;\u00e9quipe du centre socio-culturel de la piloti\u00e8re nous ouvre ses portes 31 rue des Platanes 44300 NantesTram 1 : Haluch\u00e8re ou Pin Sec Bus C1 PlataneA deux pas de notre salle habituelle du dimanche Un grand merci \u00e0 l&rsquo;association Diabolos Nantes d&rsquo;avoir partag\u00e9 [&hellip;]<\/p>\n","protected":false},"author":1,"featured_media":0,"parent":0,"menu_order":0,"comment_status":"closed","ping_status":"closed","template":"","meta":{"footnotes":""},"_links":{"self":[{"href":"https:\/\/lecorpsasesraisons.fr\/index.php\/wp-json\/wp\/v2\/pages\/2621"}],"collection":[{"href":"https:\/\/lecorpsasesraisons.fr\/index.php\/wp-json\/wp\/v2\/pages"}],"about":[{"href":"https:\/\/lecorpsasesraisons.fr\/index.php\/wp-json\/wp\/v2\/types\/page"}],"author":[{"embeddable":true,"href":"https:\/\/lecorpsasesraisons.fr\/index.php\/wp-json\/wp\/v2\/users\/1"}],"replies":[{"embeddable":true,"href":"https:\/\/lecorpsasesraisons.fr\/index.php\/wp-json\/wp\/v2\/comments?post=2621"}],"version-history":[{"count":47,"href":"https:\/\/lecorpsasesraisons.fr\/index.php\/wp-json\/wp\/v2\/pages\/2621\/revisions"}],"predecessor-version":[{"id":3328,"href":"https:\/\/lecorpsasesraisons.fr\/index.php\/wp-json\/wp\/v2\/pages\/2621\/revisions\/3328"}],"wp:attachment":[{"href":"https:\/\/lecorpsasesraisons.fr\/index.php\/wp-json\/wp\/v2\/media?parent=2621"}],"curies":[{"name":"wp","href":"https:\/\/api.w.org\/{rel}","templated":true}]}}