{"id":2600,"date":"2024-08-29T22:59:10","date_gmt":"2024-08-29T20:59:10","guid":{"rendered":"https:\/\/lecorpsasesraisons.fr\/?page_id=2600"},"modified":"2025-09-15T12:09:21","modified_gmt":"2025-09-15T10:09:21","slug":"eveil-samedi","status":"publish","type":"page","link":"https:\/\/lecorpsasesraisons.fr\/index.php\/eveil-samedi\/","title":{"rendered":"\u00c9veil samedi"},"content":{"rendered":"\n<div class=\"wp-block-columns is-layout-flex wp-container-core-columns-is-layout-6 wp-block-columns-is-layout-flex\">\n<div class=\"wp-block-column is-layout-flow wp-block-column-is-layout-flow\" style=\"flex-basis:100%\">\n<div class=\"wp-block-columns is-layout-flex wp-container-core-columns-is-layout-5 wp-block-columns-is-layout-flex\">\n<div class=\"wp-block-column is-layout-flow wp-block-column-is-layout-flow\" style=\"flex-basis:100%\">\n<div class=\"wp-block-columns is-layout-flex wp-container-core-columns-is-layout-4 wp-block-columns-is-layout-flex\">\n<div class=\"wp-block-column is-layout-flow wp-block-column-is-layout-flow\" style=\"flex-basis:100%\">\n<div class=\"wp-block-columns is-layout-flex wp-container-core-columns-is-layout-3 wp-block-columns-is-layout-flex\">\n<div class=\"wp-block-column is-layout-flow wp-block-column-is-layout-flow\" style=\"flex-basis:100%\">\n<div class=\"wp-block-group has-global-padding is-layout-constrained wp-block-group-is-layout-constrained\">\n<div class=\"wp-block-columns is-layout-flex wp-container-core-columns-is-layout-2 wp-block-columns-is-layout-flex\">\n<div class=\"wp-block-column is-layout-flow wp-block-column-is-layout-flow\">\n<div class=\"wp-block-columns is-layout-flex wp-container-core-columns-is-layout-1 wp-block-columns-is-layout-flex\">\n<div class=\"wp-block-column is-layout-flow wp-block-column-is-layout-flow\">\n<h3 class=\"wp-block-heading\">\ud83d\udc23<strong>\u00c9veil Corporel pour les 2-3 ans<\/strong><\/h3>\n\n\n\n<h4 class=\"wp-block-heading\">samedi matin 10h30 \u2013 11h15\/20<\/h4>\n\n\n\n<p>Pas cours durant les vacances scolaires : arr\u00eat le 1er samedi des petites vacances et reprise le samedi avant la rentr\u00e9e scolaire du lundi. <br>30 cours assur\u00e9s entre septembre et juin.<\/p>\n\n\n\n<h4 class=\"wp-block-heading\">nouvelle MQ de la locomotive<br>tram halv\u00e8que<\/h4>\n\n\n\n<p>109 Avenue de la Gare de Saint-Joseph<br>Salle A au RdC<\/p>\n<\/div>\n<\/div>\n<\/div>\n<\/div>\n<\/div>\n<\/div>\n<\/div>\n<\/div>\n<\/div>\n<\/div>\n<\/div>\n<\/div>\n<\/div>\n\n\n\n<h4 class=\"wp-block-heading\"><strong>Pour la troisi\u00e8me ann\u00e9e, nous sommes heureux de vous proposer cet atelier d\u2019\u00e9veil<\/strong><\/h4>\n\n\n\n<p><strong>Cours limit\u00e9 \u00e0  10 enfants. les cartes de 10 cours \u00e9tant priviligi\u00e9s pour les 2,3 ans,<\/strong> ils ne sont jamais disponible ensemble,  rassurez vous!n un groupe whatsapp est mis en place pour s&rsquo;organiser^^<\/p>\n\n\n\n<h4 class=\"wp-block-heading has-vivid-red-color has-text-color has-link-color wp-elements-481e5531b5f97318ed06742b9d50be29\">Les inscriptions sont ouvertes \u00e7a se passe ici :  <a href=\"https:\/\/lecorpsasesraisons.fr\/index.php\/inscriptions-2025-2026\/\" data-type=\"page\" data-id=\"1868\" target=\"_blank\" rel=\"noreferrer noopener\">Inscriptions 2025-2026<\/a><\/h4>\n\n\n\n<h4 class=\"wp-block-heading\">SAVE THE DATE : cours d&rsquo;essai le 20 septembre<\/h4>\n\n\n\n<p class=\"has-vivid-red-color has-text-color has-link-color wp-elements-c0c04518c30ac493e51275515a20a415\">En 2025-2026 nous avons pour ambition de remplir le cr\u00e9neau au plus vite. En effet, l&rsquo;an pass\u00e9 les cours d&rsquo;essais ont train\u00e9 dans l&rsquo;automne ce qui a ralenti la coh\u00e9sion du groupe et emp\u00each\u00e9 un bon d\u00e9roulement p\u00e9dagogique. <\/p>\n\n\n\n<p class=\"has-vivid-red-color has-text-color has-link-color wp-elements-acbcc93f491b734081f392ffb4514498\">Nous proposons donc 2 cr\u00e9neaux sur une m\u00eame matin\u00e9e (9h30 et 10h30) et pour ne p\u00e9naliser personne celui-ci sera payant : 5\u20ac d\u00e9duit du montant de la cotisation en cas d&rsquo;inscription.<\/p>\n\n\n\n<p>Chaque ann\u00e9e, nous recevions des demandes pour cette tranche d\u2019\u00e2ge et <strong>nous remercions chaleureusement la mairie de Nantes <\/strong>d\u2019avoir ouvert une nouvelle maison de quartier, particuli\u00e8rement adapt\u00e9e aux tous petits.<\/p>\n\n\n\n<p>La salle A est suffisamment petite pour garder les enfants concentr\u00e9s et assez grande pour qu\u2019ils puissent se d\u00e9ployer \u00e0 travers des comptines et jeux dans\u00e9es bien rod\u00e9es de notre <a href=\"https:\/\/lecorpsasesraisons.fr\/index.php\/sandrine-gallois\/\" target=\"_blank\" rel=\"noreferrer noopener\">intervenante<\/a> :<br>Un d\u00e9but d\u2019ann\u00e9e sur le th\u00e8me des animaux, puis les propositions varient selon les saisons, les ann\u00e9es, et avant tout, selon les envies des enfants !<\/p>\n\n\n\n<p><strong>Limit\u00e9 \u00e0 10 inscriptions pour l\u2019ann\u00e9e et 8 enfants par cours<\/strong><br>Rassurez-vous, les enfants ont rarement l\u2019envie\/la possibilit\u00e9 d\u2019\u00eatre tous ensemble, un groupe whatsapp est mis en place pour savoir qui vient ou pas et vous verrez que d\u00e8s Octobre les choses se r\u00e9gulent d\u2019elles m\u00eame.&nbsp;<\/p>\n\n\n\n<p><strong>La grille tarifaire est consultable <\/strong><a href=\"https:\/\/lecorpsasesraisons.fr\/index.php\/tarifs\/#enfants\" target=\"_blank\" rel=\"noreferrer noopener\">ICI<\/a><br>Pour cette tranche d\u2019\u00e2ge, nous privil\u00e9gions les cartes de 10 cours <br>(\u00e0 l\u2019inverse des cours du mercredi o\u00f9 une pr\u00e9sence r\u00e9guli\u00e8re est pr\u00e9f\u00e9rable)<br>Puis 10\u20ac par cours suppl\u00e9mentaire sans d\u00e9passer les 180 \u20ac\/an ou 160 \u20ac au tarif r\u00e9duit.<\/p>\n\n\n\n<p><strong>Une adh\u00e9sion est obligatoire<\/strong> \u2013<a href=\"https:\/\/lecorpsasesraisons.fr\/index.php\/tarifs\/\" target=\"_blank\" rel=\"noreferrer noopener\"> voir la grille tarifaire<\/a><\/p>\n\n\n\n<p><strong>Titulaires de la carte blanche :<br><\/strong>Pour \u00eatre \u00e9ligible \u00e0 l\u2019aide \u00e0 la pratique&nbsp; sportive ou culturelle, il est n\u00e9cessaire de s\u2019inscrire \u00e0 l\u2019ann\u00e9e (pas de cartes de 10 cours possible)<br>Vous pouvez d\u2019or et d\u00e9j\u00e0 retirer le dossier : <a href=\"https:\/\/metropole.nantes.fr\/carte-blanche\" target=\"_blank\" rel=\"noreferrer noopener\">Infos carte blanche<\/a><\/p>\n\n\n\n<p><strong>N.B : malheureusement, l\u2019aide de l\u2019\u00e9tat \u00ab&nbsp;pass\u2019sport&nbsp;\u00bb n\u2019est pas \u00e9ligible<\/strong> car la danse d\u00e9pend du minist\u00e8re de la culture et n\u2019est pas class\u00e9 comme un&nbsp; sport .<\/p>\n\n\n\n<p><strong>Rencontrez nous aux forums des associations<\/strong><br>Samedi 6 septembre 2025 place du commandant Cousteau \u2013 face m\u00e9diath\u00e8que Floresca Gu\u00e9pin<br>Samedi 13 septembre 2025 maison de quartier la locomotive (tram Halv\u00e8que)<\/p>\n\n\n\n<div class=\"wp-block-group has-global-padding is-layout-constrained wp-block-group-is-layout-constrained\">\n<div class=\"wp-block-columns is-layout-flex wp-container-core-columns-is-layout-7 wp-block-columns-is-layout-flex\">\n<div class=\"wp-block-column is-layout-flow wp-block-column-is-layout-flow\" style=\"flex-basis:100%\"><\/div>\n<\/div>\n<\/div>\n","protected":false},"excerpt":{"rendered":"<p>\ud83d\udc23\u00c9veil Corporel pour les 2-3 ans samedi matin 10h30 \u2013 11h15\/20 Pas cours durant les vacances scolaires : arr\u00eat le 1er samedi des petites vacances et reprise le samedi avant la rentr\u00e9e scolaire du lundi. 30 cours assur\u00e9s entre septembre et juin. nouvelle MQ de la locomotivetram halv\u00e8que 109 Avenue de la Gare de Saint-JosephSalle [&hellip;]<\/p>\n","protected":false},"author":1,"featured_media":0,"parent":0,"menu_order":0,"comment_status":"closed","ping_status":"closed","template":"","meta":{"footnotes":""},"_links":{"self":[{"href":"https:\/\/lecorpsasesraisons.fr\/index.php\/wp-json\/wp\/v2\/pages\/2600"}],"collection":[{"href":"https:\/\/lecorpsasesraisons.fr\/index.php\/wp-json\/wp\/v2\/pages"}],"about":[{"href":"https:\/\/lecorpsasesraisons.fr\/index.php\/wp-json\/wp\/v2\/types\/page"}],"author":[{"embeddable":true,"href":"https:\/\/lecorpsasesraisons.fr\/index.php\/wp-json\/wp\/v2\/users\/1"}],"replies":[{"embeddable":true,"href":"https:\/\/lecorpsasesraisons.fr\/index.php\/wp-json\/wp\/v2\/comments?post=2600"}],"version-history":[{"count":10,"href":"https:\/\/lecorpsasesraisons.fr\/index.php\/wp-json\/wp\/v2\/pages\/2600\/revisions"}],"predecessor-version":[{"id":3220,"href":"https:\/\/lecorpsasesraisons.fr\/index.php\/wp-json\/wp\/v2\/pages\/2600\/revisions\/3220"}],"wp:attachment":[{"href":"https:\/\/lecorpsasesraisons.fr\/index.php\/wp-json\/wp\/v2\/media?parent=2600"}],"curies":[{"name":"wp","href":"https:\/\/api.w.org\/{rel}","templated":true}]}}