{"id":2205,"date":"2024-07-11T15:07:21","date_gmt":"2024-07-11T13:07:21","guid":{"rendered":"https:\/\/lecorpsasesraisons.fr\/?page_id=2205"},"modified":"2025-09-14T20:22:42","modified_gmt":"2025-09-14T18:22:42","slug":"tarifs","status":"publish","type":"page","link":"https:\/\/lecorpsasesraisons.fr\/index.php\/tarifs\/","title":{"rendered":"Tarifs"},"content":{"rendered":"\n<p class=\"has-text-align-center has-background\" style=\"background-color:#e0c2ff\"><mark><strong>adh\u00e9sion annuelle valable pour une personne de septembre \u00e0 aout : <\/strong><\/mark><br><br><strong>10\u20ac<\/strong> si vos finances ne permettent pas plus <br>(nous ne demandons pas de justificatifs et ne portons aucun jugement)<br><strong>15 \u20ac<\/strong> tarif normal<br><strong>20\u20ac<\/strong> pour soutenir l&rsquo;association<\/p>\n\n\n\n<p class=\"has-text-align-center has-background\" style=\"background-color:#e0c2ff\"><br>\u26a0\ufe0f <strong>POUR LES PAIEMENTS HELLO ASSO<\/strong> \u26a0\ufe0f<br>un don pour helloasso est pr\u00e9-coch\u00e9 par d\u00e9faut, mais n&rsquo;est pas obligatoire<br> pour le supprimer ou le diminuer, il suffit de cliquer sur \u201cmodifier ma contribution\u201d <\/p>\n\n\n\n<p><\/p>\n\n\n\n<h2 class=\"wp-block-heading has-text-align-center has-luminous-vivid-amber-background-color has-background\">2025-2026<\/h2>\n\n\n\n<p><em>Parce que l&rsquo;argent ne devrait pas vous emp\u00eacher de danser, en cas&nbsp; de difficult\u00e9s financi\u00e8res, n&rsquo;h\u00e9sitez pas \u00e0 nous contacter&nbsp; (07.62.47.07.73)<\/em><\/p>\n\n\n\n<p>Apr\u00e8s plusieurs ann\u00e9es sans modifications tarifaires, voici la nouvelle grille vot\u00e9e lors de notre derni\u00e8re assembl\u00e9e g\u00e9n\u00e9rale :<\/p>\n\n\n\n<h2 class=\"wp-block-heading\"><strong>Cours enfants<\/strong><\/h2>\n\n\n\n<div class=\"wp-block-columns is-layout-flex wp-container-core-columns-is-layout-1 wp-block-columns-is-layout-flex\">\n<div class=\"wp-block-column is-layout-flow wp-block-column-is-layout-flow\" style=\"flex-basis:33.33%\">\n<p><a href=\"https:\/\/lecorpsasesraisons.fr\/index.php\/eveil-samedi\/\">\u00c9veil 2-3 ans samedi<\/a><br>A La locomotive<br>Adresse <a href=\"https:\/\/lecorpsasesraisons.fr\/index.php\/infos-pratique\/\">Salle et horaires<\/a><\/p>\n<\/div>\n\n\n\n<div class=\"wp-block-column is-layout-flow wp-block-column-is-layout-flow\" style=\"flex-basis:66.66%\">\n<p><a href=\"https:\/\/lecorpsasesraisons.fr\/index.php\/enfants\/\">4-10 ans mercredi<\/a><br>Salle Koufra<br>Adresse <a href=\"https:\/\/lecorpsasesraisons.fr\/index.php\/infos-pratique\/\">Salle et horaires<\/a><\/p>\n<\/div>\n<\/div>\n\n\n\n<div class=\"wp-block-columns is-layout-flex wp-container-core-columns-is-layout-2 wp-block-columns-is-layout-flex\">\n<div class=\"wp-block-column is-layout-flow wp-block-column-is-layout-flow\" style=\"flex-basis:32%\">\n<p><strong>tarif annuel :<\/strong><br>180 \u20ac\/ an<br><strong>tarif r\u00e9duit<\/strong><br>160 \u20ac\/an<br><strong>Carte de 10 cours<\/strong> : 100 \u20ac<\/p>\n<\/div>\n\n\n\n<div class=\"wp-block-column is-layout-flow wp-block-column-is-layout-flow\" style=\"flex-basis:50%\">\n<p><br>    Paiement en plusieurs plusieurs fois possible.<br>\u2013 10% pour le.s&nbsp; fr\u00e8re.s ou s\u0153ur.s (hors adh\u00e9sion.s)<\/p>\n<\/div>\n<\/div>\n\n\n\n<p><strong>cours d&rsquo;essai \u00e0 5\u20ac d\u00e9ductible de la cotisation <br>30 cours assur\u00e9s dans l&rsquo;ann\u00e9e.<\/strong><\/p>\n\n\n\n<p><strong><mark>+ adh\u00e9sion par an et par enfant<\/mark><\/strong><br>10\u20ac si vos finances ne permettent pas plus (nous ne demandons pas de justificatifs et ne portons aucun jugement)<br>15 \u20ac tarif normal<br>20 \u20ac pour soutenir l&rsquo;association<\/p>\n\n\n\n<div class=\"wp-block-columns is-layout-flex wp-container-core-columns-is-layout-3 wp-block-columns-is-layout-flex\">\n<div class=\"wp-block-column is-layout-flow wp-block-column-is-layout-flow\" style=\"flex-basis:66.66%\">\n<p><strong>Pour faciliter les inscriptions, un paiement par CB est propos\u00e9 via Helloasso <\/strong>: <\/p>\n\n\n\n<p>le don pour la plateforme en fin de commande est pr\u00e9-coch\u00e9 par d\u00e9faut, mais n&rsquo;est pas obligatoire pour le diminuer ou le supprimer, il suffit de cliquer sur \u201cmodifier ma contribution\u201d <\/p>\n<\/div>\n\n\n\n<div class=\"wp-block-column is-layout-flow wp-block-column-is-layout-flow\" style=\"flex-basis:33.33%\">\n<div class=\"wp-block-buttons is-layout-flex wp-block-buttons-is-layout-flex\">\n<div class=\"wp-block-button\"><a class=\"wp-block-button__link wp-element-button\" href=\"https:\/\/www.helloasso.com\/associations\/le-corps-a-ses-raisons\/boutiques\/merccredi-14h20\">Helloasso enfants<\/a><\/div>\n<\/div>\n<\/div>\n<\/div>\n\n\n\n<p><strong>Les cours enfants sont \u00e9ligibles \u00e0 l\u2019aide \u00e0 la pratique&nbsp;sportive ou culturelle, pour les titulaires de la carte blanche<\/strong> <a href=\"https:\/\/metropole.nantes.fr\/carte-blanche\" target=\"_blank\" rel=\"noreferrer noopener\">Infos carte blanche<\/a><\/p>\n\n\n\n<p><strong>N.B : malheureusement, l\u2019aide de l\u2019\u00e9tat \u00ab&nbsp;pass\u2019sport&nbsp;\u00bb n\u2019est pas \u00e9ligible<\/strong> car la danse d\u00e9pend du minist\u00e8re de la culture et n\u2019est pas class\u00e9 comme un&nbsp; sport .<\/p>\n\n\n\n<p><strong>Ch\u00e8ques \u00e0 l&rsquo;ordre de \u00ab\u00a0le corps a ses raisons\u00a0\u00bb<\/strong><br>\u26a0\ufe0f<strong>l&rsquo;adresse postale n&rsquo;est pas celle des cours :<\/strong> Maison de quartier botti\u00e8re &#8211; association le corps a ses raisons &#8211; 147 route de sainte Luce &#8211; 44300 Nantes<\/p>\n\n\n\n<h2 class=\"wp-block-heading\"><strong>Danse improvis\u00e9e guid\u00e9e adultes<\/strong><\/h2>\n\n\n\n<di vid=\"tarifsadultes\"><\/div>\n\n\n\n<p>A partir de septembre 2025, le montant de l&rsquo;adh\u00e9sion augmente, conform\u00e9ment \u00e0 la d\u00e9cision prise lors de notre derni\u00e8re assembl\u00e9e g\u00e9n\u00e9rale.<br>Ainsi, vous ne trouverez plus d&rsquo;adh\u00e9sion \u00e0 5\u20ac qui \u00e9tait vraiment trop juste pour faire face \u00e0 l&rsquo;augmentation de notre assurance et des droits d&rsquo;auteurs.<br>N\u00e9anmoins, en cas de difficult\u00e9s, contactez nous, nous pourrons tr\u00e8s s\u00fbrement faire un geste sur la partie p\u00e9dagogique.<\/p>\n\n\n\n<p><mark><strong>adh\u00e9sion annuelle valable pour une personne de septembre \u00e0 <\/strong><\/mark><mark><strong>a<\/strong><\/mark><mark><strong>o<\/strong><\/mark><mark><strong>u<\/strong><\/mark><mark><strong>t<\/strong><\/mark><mark><strong> pour toutes les <\/strong><\/mark><mark><strong>a<\/strong><\/mark><mark><strong>ctivit\u00e9s adultes : <\/strong><\/mark><br>10\u20ac si vos finances ne permettent pas plus (nous ne demandons pas de justificatifs et ne portons aucun jugement)<br>15 \u20ac tarif normal<br>20\u20ac pour soutenir l&rsquo;association<\/p>\n\n\n\n<p>Ch\u00e8ques \u00e0 l&rsquo;ordre de \u00ab\u00a0le corps a ses raisons\u00a0\u00bb<\/p>\n\n\n\n<h3 class=\"wp-block-heading\">Ateliers du dimanche <a href=\"https:\/\/lecorpsasesraisons.fr\/index.php\/infos-pratique\/\" target=\"_blank\" rel=\"noreferrer noopener\">salle koufra<\/a> <\/h3>\n\n\n\n<p>Hors adh\u00e9sion voir plus haut<br>Atelier de 2h : 20 \u20ac<br>Atelier de 3h : 30 \u20ac<a href=\"https:\/\/www.helloasso.com\/associations\/le-corps-a-ses-raisons\/evenements\/les-ateliers-du-dimanche\" target=\"_blank\" rel=\"noreferrer noopener\"><\/a><\/p>\n\n\n\n<div class=\"wp-block-columns is-layout-flex wp-container-core-columns-is-layout-4 wp-block-columns-is-layout-flex\">\n<div class=\"wp-block-column is-layout-flow wp-block-column-is-layout-flow\">\n<p>Inscriptions helloasso :<br>Paiement sur place en ch\u00e8ques ou esp\u00e8ces  possible<\/p>\n<\/div>\n\n\n\n<div class=\"wp-block-column is-layout-flow wp-block-column-is-layout-flow\">\n<div class=\"wp-block-buttons is-layout-flex wp-block-buttons-is-layout-flex\">\n<div class=\"wp-block-button\"><a class=\"wp-block-button__link wp-element-button\" href=\"https:\/\/www.helloasso.com\/associations\/le-corps-a-ses-raisons\/evenements\/les-ateliers-du-dimanche\" target=\"_blank\" rel=\"noreferrer noopener\">Hello Dimanche<\/a><\/div>\n<\/div>\n<\/div>\n<\/div>\n\n\n\n<h3 class=\"wp-block-heading\">Stage 2 jours ou journ\u00e9e enti\u00e8re &#8211; 2 fois 3 heures<\/h3>\n\n\n\n<p>Hors adh\u00e9sion voir plus haut<br>50 \u20ac pour les deux jours (ou 30\u20ac une journ\u00e9e)<\/p>\n\n\n\n<h3 class=\"wp-block-heading\">Certains jeudis soirs <a href=\"https:\/\/lecorpsasesraisons.fr\/index.php\/infos-pratique\/\" target=\"_blank\" rel=\"noreferrer noopener\">La piloti\u00e8re<\/a> <br>19h30 &#8211; 22h<\/h3>\n\n\n\n<p>Chaque cours dure 2h30, nous commen\u00e7ons par une petit tour de parole et une m\u00e9diation.<br>\u26a0\ufe0fMerci d&rsquo;arriver le plus discr\u00e8tement possible avant 20h \ud83d\udc96<\/p>\n\n\n\n<p>Hors adh\u00e9sion voir plus haut<br>S\u00e9ance \u00e0 l\u2019unit\u00e9 : 25\u20ac<br><strong>cycle Chakras<\/strong> les 25\/09, 09\/10, 06\/11, 20\/11, 04\/12, 18\/12, 15\/01 :<strong> 140 \u20ac <\/strong><br>20 \u20ac X 7 s\u00e9ances (soit 8\u20ac de l&rsquo;heure)<br><strong>cycle d\u00e9esses<\/strong> de janvier \u00e0 juin dates \u00e0 venir : <strong>160 \u20ac<\/strong> <br>20 \u20ac X 8 s\u00e9ances (soit 8\u20ac de l&rsquo;heure)<br><strong>Ann\u00e9e compl\u00e8te 240 \u20ac pour 15 cours.<\/strong> (soit 6.40\u20ac de l&rsquo;heure) si le planning le permet un 16eme cours sera propos\u00e9 \u00e0 16\u20ac<\/p>\n\n\n\n<p>Groupe de 8 personnes maximum. <\/p>\n\n\n\n<p><strong>Bonne nouvelle !  <\/strong><br>Pour une inscription \u00e0 l&rsquo;ann\u00e9e &#8211; sur les 2 cycles, <strong>l\u2019aide \u00e0 la pratique&nbsp; sportive ou culturelle peut s&rsquo;appliquer <\/strong>pour les titulaires de la carte blanche :  <a href=\"https:\/\/metropole.nantes.fr\/carte-blanche\" target=\"_blank\" rel=\"noreferrer noopener\">Voir ici :  carte blanche<\/a><\/p>\n\n\n\n<div class=\"wp-block-columns is-layout-flex wp-container-core-columns-is-layout-5 wp-block-columns-is-layout-flex\">\n<div class=\"wp-block-column is-layout-flow wp-block-column-is-layout-flow\">\n<p class=\"has-text-align-left\">Lien d&rsquo;inscription helloasso : <br>Paiement sur place en ch\u00e8ques ou esp\u00e8ces  possible<\/p>\n<\/div>\n\n\n\n<div class=\"wp-block-column is-layout-flow wp-block-column-is-layout-flow\">\n<div class=\"wp-block-buttons is-layout-flex wp-block-buttons-is-layout-flex\">\n<div class=\"wp-block-button\"><a class=\"wp-block-button__link wp-element-button\" href=\"https:\/\/www.helloasso.com\/associations\/le-corps-a-ses-raisons\/evenements\/les-cours-du-jeudi\" target=\"_blank\" rel=\"noreferrer noopener\">Helloasso jeudi<\/a><\/div>\n<\/div>\n<\/div>\n<\/div>\n\n\n\n<h3 class=\"wp-block-heading has-text-align-center has-background\" style=\"background-color:#fcc60091\"><strong>2024-2025<\/strong><\/h3>\n\n\n\n<h2 class=\"wp-block-heading\">Stage de danse afro-impro <br>semaine du 25 au 29 Aout 2025<\/h2>\n\n\n\n<p>tous les soirs MQ Botti\u00e8re <br>147 route de sainte Luce &#8211; 44300 Nantes<br>\u26a0\ufe0f la salle n&rsquo;est pas disponible le mardi se sera dans notre fief habituel : 1 rue koufra^^ <\/p>\n\n\n\n<div class=\"wp-block-columns is-layout-flex wp-container-core-columns-is-layout-6 wp-block-columns-is-layout-flex\">\n<div class=\"wp-block-column is-layout-flow wp-block-column-is-layout-flow\">\n<p>adh\u00e9sion 5\u20ac &#8211; tarif mini car la saison se termine<br>un soir : 25\u20ac<br>3 soirs : 60\u20ac<br>semaine enti\u00e8re 80\u20ac<\/p>\n<\/div>\n\n\n\n<div class=\"wp-block-column is-vertically-aligned-bottom is-layout-flow wp-block-column-is-layout-flow\">\n<div class=\"wp-block-buttons is-layout-flex wp-container-core-buttons-is-layout-4 wp-block-buttons-is-layout-flex\">\n<div class=\"wp-block-button\"><a class=\"wp-block-button__link wp-element-button\" href=\"https:\/\/www.helloasso.com\/associations\/le-corps-a-ses-raisons\/boutiques\/stage-de-danse-afro-impro-2025\" target=\"_blank\" rel=\"noreferrer noopener\">Lien hello asso<\/a><\/div>\n<\/div>\n<\/div>\n<\/div>\n\n\n\n<h3 class=\"wp-block-heading\"><strong>Cours enfants<\/strong><\/h3>\n\n\n\n<p><em>Parce que l&rsquo;argent ne devrait pas vous emp\u00eacher de danser, en cas&nbsp; de difficult\u00e9s financi\u00e8res, n&rsquo;h\u00e9sitez pas \u00e0 nous contacter&nbsp; (07.62.47.07.73)<\/em><\/p>\n\n\n\n<div class=\"wp-block-columns is-layout-flex wp-container-core-columns-is-layout-7 wp-block-columns-is-layout-flex\">\n<div class=\"wp-block-column is-layout-flow wp-block-column-is-layout-flow\" style=\"flex-basis:40%\">\n<p><a href=\"https:\/\/lecorpsasesraisons.fr\/index.php\/eveil-samedi\/\" data-type=\"page\" data-id=\"2600\">\u00c9veil 2-3 ans samedi<\/a> <br>A La locomotive <br>Adresse <a href=\"https:\/\/lecorpsasesraisons.fr\/index.php\/infos-pratique\/\" data-type=\"page\" data-id=\"1965\">Salle et horaires<\/a><\/p>\n<\/div>\n\n\n\n<div class=\"wp-block-column is-layout-flow wp-block-column-is-layout-flow\" style=\"flex-basis:71.43%\">\n<p><a href=\"https:\/\/lecorpsasesraisons.fr\/index.php\/enfants\/\" data-type=\"page\" data-id=\"240\">4-10 ans mercredi<\/a><br>Salle Koufra<br>Adresse  <a href=\"https:\/\/lecorpsasesraisons.fr\/index.php\/infos-pratique\/\" data-type=\"page\" data-id=\"1965\">Salle et horaires<\/a><\/p>\n<\/div>\n<\/div>\n\n\n\n<div class=\"wp-block-columns is-layout-flex wp-container-core-columns-is-layout-8 wp-block-columns-is-layout-flex\">\n<div class=\"wp-block-column is-layout-flow wp-block-column-is-layout-flow\" style=\"flex-basis:32%\">\n<p><strong>tarif annuel 2024 :<\/strong><br>170 \u20ac\/ an<br><strong>tarif r\u00e9duit 2024<\/strong><br>150 \u20ac\/an<br><strong>Carte de 10 cours<\/strong> : 100 \u20ac<\/p>\n<\/div>\n\n\n\n<div class=\"wp-block-column is-layout-flow wp-block-column-is-layout-flow\" style=\"flex-basis:50%\">\n<p><br>    Paiement en plusieurs plusieurs fois possible.<br>\u2013 10% pour le.s&nbsp; fr\u00e8re.s ou s\u0153ur.s (hors adh\u00e9sion.s)<\/p>\n<\/div>\n<\/div>\n\n\n\n<p><strong>+ adh\u00e9sion 2024 par an et par enfant<\/strong><br>5\u20ac si vos finances ne permettent pas plus (nous ne demandons pas de justificatifs et ne portons aucun jugement)<br>10 \u20ac tarif normal<br>15 \u20ac pour soutenir l&rsquo;association<\/p>\n\n\n\n<h3 class=\"wp-block-heading\"><strong>Danse improvis\u00e9e guid\u00e9e adultes<\/strong><\/h3>\n\n\n\n<p><mark><strong>adh\u00e9sion annuelle valable pour une personne de septembre \u00e0 juin pour toutes les <\/strong><\/mark><mark><strong>a<\/strong><\/mark><mark><strong>ctivit\u00e9s adultes : <\/strong><\/mark><br>  5\u20ac si vos finances ne permettent pas plus (nous ne demandons pas de justificatifs et ne portons aucun jugement)<br>10 \u20ac tarif normal<br>15\u20ac pour soutenir l&rsquo;association<\/p>\n\n\n\n<h4 class=\"wp-block-heading\">Ateliers du dimanche <a href=\"https:\/\/lecorpsasesraisons.fr\/index.php\/infos-pratique\/\" target=\"_blank\" rel=\"noreferrer noopener\">salle koufra<\/a><\/h4>\n\n\n\n<p>Atelier de 2h : 20 \u20ac<br>Atelier de 3h : 30 \u20ac<\/p>\n\n\n\n<h4 class=\"wp-block-heading\">Stage 2 jours ou journ\u00e9e enti\u00e8re &#8211; 2 fois 3 heures<\/h4>\n\n\n\n<p>50 \u20ac pour les deux jours (ou 30\u20ac une journ\u00e9e)<\/p>\n\n\n\n<h4 class=\"wp-block-heading\">Cycle du jeudi soir <a href=\"https:\/\/lecorpsasesraisons.fr\/index.php\/infos-pratique\/\" target=\"_blank\" rel=\"noreferrer noopener\">La piloti\u00e8re<\/a> 10 cours<\/h4>\n\n\n\n<p><strong>le 14 octobre<\/strong> Tarif d\u00e9couverte : 10\u20ac <br>S\u00e9ances \u00e0 l\u2019unit\u00e9 : 20\u20ac<br>Cycle entier : 170\u20ac<\/p>\n\n\n\n<h4 class=\"wp-block-heading\"><strong>Life art process avec L\u00e9a<\/strong><\/h4>\n\n\n\n<p>L\u00e9a Chaussavoine est notre invit\u00e9e, elle fixe ses propres tarifs pas tr\u00e8s \u00e9loign\u00e9s des n\u00f4tre, <a href=\"https:\/\/www.lecorpsturquoise.com\/\" target=\"_blank\" rel=\"noreferrer noopener\">Contactez la ICI<\/a><\/p>\n\n\n\n<h4 class=\"wp-block-heading\" id=\"afro\">Danse Afro-impro semaine <br>du 29 juillet au 2 aout 2024<\/h4>\n\n\n\n<p>un soir : 25\u20ac<br>3 soirs :&nbsp;&nbsp; 60\u20ac<br>semaine enti\u00e8re 80\u20ac<\/p>\n\n\n\n<h2 class=\"wp-block-heading\"><\/h2>\n\n\n\n<p><\/p>\n\n\n\n<p><\/p>\n","protected":false},"excerpt":{"rendered":"<p>adh\u00e9sion annuelle valable pour une personne de septembre \u00e0 aout : 10\u20ac si vos finances ne permettent pas plus (nous ne demandons pas de justificatifs et ne portons aucun jugement)15 \u20ac tarif normal20\u20ac pour soutenir l&rsquo;association \u26a0\ufe0f POUR LES PAIEMENTS HELLO ASSO \u26a0\ufe0fun don pour helloasso est pr\u00e9-coch\u00e9 par d\u00e9faut, mais n&rsquo;est pas obligatoire pour [&hellip;]<\/p>\n","protected":false},"author":1,"featured_media":0,"parent":0,"menu_order":0,"comment_status":"closed","ping_status":"closed","template":"","meta":{"footnotes":""},"_links":{"self":[{"href":"https:\/\/lecorpsasesraisons.fr\/index.php\/wp-json\/wp\/v2\/pages\/2205"}],"collection":[{"href":"https:\/\/lecorpsasesraisons.fr\/index.php\/wp-json\/wp\/v2\/pages"}],"about":[{"href":"https:\/\/lecorpsasesraisons.fr\/index.php\/wp-json\/wp\/v2\/types\/page"}],"author":[{"embeddable":true,"href":"https:\/\/lecorpsasesraisons.fr\/index.php\/wp-json\/wp\/v2\/users\/1"}],"replies":[{"embeddable":true,"href":"https:\/\/lecorpsasesraisons.fr\/index.php\/wp-json\/wp\/v2\/comments?post=2205"}],"version-history":[{"count":54,"href":"https:\/\/lecorpsasesraisons.fr\/index.php\/wp-json\/wp\/v2\/pages\/2205\/revisions"}],"predecessor-version":[{"id":3216,"href":"https:\/\/lecorpsasesraisons.fr\/index.php\/wp-json\/wp\/v2\/pages\/2205\/revisions\/3216"}],"wp:attachment":[{"href":"https:\/\/lecorpsasesraisons.fr\/index.php\/wp-json\/wp\/v2\/media?parent=2205"}],"curies":[{"name":"wp","href":"https:\/\/api.w.org\/{rel}","templated":true}]}}