{"id":1965,"date":"2024-07-10T14:37:06","date_gmt":"2024-07-10T12:37:06","guid":{"rendered":"https:\/\/lecorpsasesraisons.fr\/?page_id=1965"},"modified":"2025-09-16T20:03:09","modified_gmt":"2025-09-16T18:03:09","slug":"infos-pratique","status":"publish","type":"page","link":"https:\/\/lecorpsasesraisons.fr\/index.php\/infos-pratique\/","title":{"rendered":"Salle et horaires"},"content":{"rendered":"\n<h2 class=\"wp-block-heading\"><span style=\"color: #993300;\"><strong>Cours d&rsquo;\u00e9veil corporel pour les enfants (2- 3ans)\ud83d\udc23<\/strong><\/span><\/h2>\n\n\n\n<p><strong>Horaire: <\/strong>Le<strong> samedi<\/strong> matin de <strong>10h30 \u00e0 11h15<\/strong><\/p>\n\n\n\n<h4 class=\"wp-block-heading\"><strong>Salle: La locomotive (la nouvelle maison de quartier Erdre-Batignolles)<\/strong><br>109 Avenue de la Gare de Saint-Joseph 44300 Nantes &#8211; tram Halv\u00e8que<\/h4>\n\n\n\n<h2 class=\"wp-block-heading\"><span style=\"color: #993300;\"><strong>Cours enfants du mercredi<\/strong><\/span><\/h2>\n\n\n\n<p>Les mercredis apr\u00e8s-midi<\/p>\n\n\n\n<h4 class=\"wp-block-heading\"><strong>Salle K<\/strong><b>oufra<\/b>&nbsp;&#8211; 1 rue de koufra 44300 Nantes &#8211; Bus C1 arr\u00eat Chocolaterie<a id=\"AF\"><\/a><br>Derri\u00e8re les locaux des marsauderies et de la salle Bonnaire. A c\u00f4t\u00e9 du terrain de basket.<\/h4>\n\n\n\n<p><strong style=\"font-family: var(--wp--preset--font-family--fontsecondary); font-size: var(--wp--preset--font-size--superbfont-xsmall);\">Horaires :<\/strong><br>\ud83e\udda914h20 pour les 7-10 ans<br>\ud83d\udc2515h30 pour les 5 \u2013 7 ans<br>\ud83d\udc2416h40 pour les 4 \u2013 5 ans COMPLET envoyez nous un mail pour vous inscrire sur liste d&rsquo;attente<\/p>\n\n\n\n<p>Chaque cours est limit\u00e9 \u00e0 12 enfants et dure une heure (le cours des 4-5 ans sera peut-\u00eatre un peu raccourci &#8211; 50 minutes &#8211; en d\u00e9but d&rsquo;ann\u00e9e selon leur degr\u00e9 de concentration)<\/p>\n\n\n\n<p>inscriptions 2024-2025 c&rsquo;est par ici : https:\/\/lecorpsasesraisons.fr\/index.php\/inscriptions-2024-2025\/<\/p>\n\n\n\n<div id=\"section-1\"><\/div>\n\n\n\n<h2 class=\"wp-block-heading\"><span style=\"color: #993300;\"><strong>Improvisation guid\u00e9e adultes<\/strong><\/span><\/h2>\n\n\n\n<h3 class=\"wp-block-heading\"><strong>2024-2025<\/strong><\/h3>\n\n\n\n<h3 class=\"wp-block-heading\"><span style=\"color: #993300;\"><strong>Ateliers du dimanche<\/strong><\/span><\/h3>\n\n\n\n<h4 class=\"wp-block-heading\"><strong>Salle K<\/strong><b>oufra<\/b>&nbsp;&#8211; 1 rue de koufra 44300 Nantes &#8211; Bus C1 arr\u00eat Chocolaterie<a id=\"AF\"><\/a><br>Derri\u00e8re les locaux des marsauderies et de la salle Bonnaire. A c\u00f4t\u00e9 du terrain de basket.<\/h4>\n\n\n\n<p>Dimanche 8 Septembre 2024       de 15h \u00e0 17h              Th\u00e8me : des racines et des ailes<br>Dimanche 13 Octobre 2024         de 14h30 \u00e0 17h30       Th\u00e8me  : les 4 \u00e9l\u00e9ments<br>Dimanche 10 Novembre 2024    de 14h30 \u00e0 17h30       Th\u00e8me : Yin\/yang <br>Dimanche 08 D\u00e9cembre 2024   de 14h30 \u00e0 17h30       Th\u00e8me : donner et recevoir<br>Dimanche 12 Janvier 2025           de 14h30 \u00e0 17h30       Th\u00e8me : C\u00e9l\u00e9brer la nouvelle ann\u00e9e<br>Dimanche 16 F\u00e9vrier 2025             de 14h30 \u00e0 17h30       Th\u00e8me : danse But\u00f4<br><strong>Dimanche 23 Mars 2025             de 14h30 \u00e0 17h30      Th\u00e8me : Accueillir le printemps AVEC MUSICIENS^^<\/strong><br><strong>Lundi <\/strong>21 Avril 2025                         de 14h30 \u00e0 17h30       Th\u00e8me : Les chakras<br><strong>Samedi<\/strong> 10 Mai 2025                       de 14h30 \u00e0 17h30       <strong>Anatomie : le p\u00e9rin\u00e9e<\/strong><br>Dimanche 11 Mai 2025                   de 14h30 \u00e0 17h30       Th\u00e8me : <strong>danser son f\u00e9minin<\/strong><br><strong>Samedi<\/strong> 14 Juin 2025                      de 14h30 \u00e0 17h30       Th\u00e8me : <strong>Danse Bafia anim\u00e9 par Simon Nwambeben<\/strong><\/p>\n\n\n\n<h4 class=\"wp-block-heading\">Le moyen le plus sur d&rsquo;avoir nos dates est de s&rsquo;inscrire \u00e0 notre news letter : <\/h4>\n\n\n\n<div class=\"wp-block-buttons is-content-justification-center is-layout-flex wp-container-core-buttons-is-layout-1 wp-block-buttons-is-layout-flex\">\n<div class=\"wp-block-button\"><a class=\"wp-block-button__link wp-element-button\" href=\"https:\/\/lecorpsasesraisons.fr\/index.php\/infos-pratique\/#bottom\">En cliquant ici<\/a><\/div>\n<\/div>\n\n\n\n<h3 class=\"wp-block-heading\"><span style=\"color: #993300;\"><strong>Cours du jeudi<\/strong><\/span><\/h3>\n\n\n\n<h4 class=\"wp-block-heading\"><strong>31 rue des Platanes 44300 Nantes<\/strong><br>Tram 1 : Haluch\u00e8re ou Pin Sec<br>Bus C1 Platane<br>A deux pas de notre salle habituelle du dimanche<\/h4>\n\n\n\n<p><strong>Les jeudis 20h &#8211; 22h en semaines pairs  : <\/strong><br>Ouverture de la salle \u00e0 19h30, afin de commencer \u00e0 l&rsquo;heure et ne pas finir trop tard^^<\/p>\n\n\n\n<h3 class=\"wp-block-heading has-mono-2-color has-text-color has-link-color wp-elements-f3406ddd62e9c740d9974190e83ef874\">Dates cycle \u00ab\u00a0<a href=\"https:\/\/lecorpsasesraisons.fr\/index.php\/cours-du-jeudi-soir\/\" data-type=\"page\" data-id=\"2621\" target=\"_blank\" rel=\"noreferrer noopener\">d\u00e9esses int\u00e9rieures\u00a0\u00bb<\/a><\/h3>\n\n\n\n<div class=\"wp-block-columns is-layout-flex wp-container-core-columns-is-layout-1 wp-block-columns-is-layout-flex\">\n<div class=\"wp-block-column is-layout-flow wp-block-column-is-layout-flow\" style=\"flex-basis:33.34%\">\n<p>17 octobre 2024  \u00ab\u00a0Ga\u00efa\u00a0\u00bb &#8211; tarif d\u00e9couverte<br>14 novembre<br>28 novembre <br>12 d\u00e9cembre<\/p>\n<\/div>\n\n\n\n<div class=\"wp-block-column is-layout-flow wp-block-column-is-layout-flow\" style=\"flex-basis:20%\">\n<p>09 janvier 2025<br>23 janvier <br>06 f\u00e9vrier<\/p>\n<\/div>\n\n\n\n<div class=\"wp-block-column is-layout-flow wp-block-column-is-layout-flow\" style=\"flex-basis:21%\">\n<p>06 mars 2025<br>20 mars <br>03 avril <\/p>\n<\/div>\n<\/div>\n\n\n\n<p>Il y aura surement d&rsquo;autres jeudis semaines pairs apr\u00e8s les vacances scolaires d&rsquo;avril sur un th\u00e8me diff\u00e9rent.<\/p>\n\n\n\n<h2 class=\"wp-block-heading\">Archives<\/h2>\n\n\n\n<h5 class=\"wp-block-heading\"><em>2023 \u2013 2024<\/em><\/h5>\n\n\n\n<p>Dimanche 15 Octobre 2023: &nbsp;14h30-17h30<br>Dimanche 19 Novembre 2023: &nbsp;14h30-17h30<br>Dimanche 17 D\u00e9cembre 2023: &nbsp;14h30-17h30<\/p>\n\n\n\n<p>Dimanche 14 Janvier 2024: &nbsp;14h30-17h30<br>Dimanche 11 Fevrier 2024: &nbsp;14h30-17h30<\/p>\n\n\n\n<p><strong>Dimanche 28 Janvier 2024 Life art process avec L\u00e9a, <\/strong><br>10h-13h<\/p>\n\n\n\n<p>Dimanche 17 Mars 2024 14h30-17h30<\/p>\n\n\n\n<p>Dimanche 14 Avril la colonne vertebrale<br>10h-13h : anatomie <br>14h30 \u2013 17h30 danse improvis\u00e9e<\/p>\n\n\n\n<h4 class=\"wp-block-heading\"><strong>Salle K<\/strong><b>oufra<\/b>&nbsp;&#8211; 1 rue de koufra 44300 Nantes &#8211; Bus C1 arr\u00eat Chocolaterie<a id=\"AF\"><\/a><\/h4>\n\n\n\n<p><strong>Stage annuel autour du p\u00e9rin\u00e9e et l\u2019\u00e9nergie f\u00e9minine<\/strong> \u2013 week-end de la pentec\u00f4te :<br>Dimanche 19 Mai 2024 : Le p\u00e9rin\u00e9e<br>Lundi 20 Mai 2024 : danser son f\u00e9minin :<br>Toujours de 14h30 \u00e0 17h30 et toujours <strong>Salle Koufra<\/strong><\/p>\n\n\n\n<h2 class=\"wp-block-heading\"><span style=\"color: #993300;\">Danse et Anatomie<\/span><\/h2>\n\n\n\n<p>Stages organis\u00e9s selon l\u2019int\u00e9r\u00eat des \u00e9l\u00e8ves. Contactez-nous! <a id=\"Impro\"><\/a><br>Dans les bacs 2024 : <br>31 Mars et 1 Avril selon le nombre d\u2019int\u00e9ress\u00e9.e.s \u2013 colonne vertebrale \u2013 <br>P\u00e9rin\u00e9e : 19 et 20 Mai 2024<\/p>\n\n\n\n<h4 class=\"wp-block-heading\"><strong>Salle K<\/strong><b>oufra<\/b>&nbsp;&#8211; 1 rue de koufra 44300 Nantes &#8211; Bus C1 arr\u00eat Chocolaterie<a id=\"AF\"><\/a><\/h4>\n\n\n\n<p>Derri\u00e8re les locaux des marsauderies et de la salle Bonnaire. A c\u00f4t\u00e9 du terrain de basket.<\/p>\n\n\n\n<h2 class=\"wp-block-heading\"><span style=\"color: #993300;\">Danses Africaines adultes devient afro-impro<\/span><\/h2>\n\n\n\n<p>Depuis 2021 nous m\u00ealons les genres pour un stage de danse afro-contemporaine :<\/p>\n\n\n\n<p>Apprentissage d\u2019une simple chor\u00e9graphie avec les techniques de bases en danses africaines<\/p>\n\n\n\n<p>Appropriation de la chor\u00e9graphie \u00e0 travers des exercices d\u2019improvisation tout aussi simplissime<\/p>\n","protected":false},"excerpt":{"rendered":"<p>Cours d&rsquo;\u00e9veil corporel pour les enfants (2- 3ans)\ud83d\udc23 Horaire: Le samedi matin de 10h30 \u00e0 11h15 Salle: La locomotive (la nouvelle maison de quartier Erdre-Batignolles)109 Avenue de la Gare de Saint-Joseph 44300 Nantes &#8211; tram Halv\u00e8que Cours enfants du mercredi Les mercredis apr\u00e8s-midi Salle Koufra&nbsp;&#8211; 1 rue de koufra 44300 Nantes &#8211; Bus C1 arr\u00eat [&hellip;]<\/p>\n","protected":false},"author":1,"featured_media":0,"parent":0,"menu_order":0,"comment_status":"closed","ping_status":"closed","template":"","meta":{"footnotes":""},"_links":{"self":[{"href":"https:\/\/lecorpsasesraisons.fr\/index.php\/wp-json\/wp\/v2\/pages\/1965"}],"collection":[{"href":"https:\/\/lecorpsasesraisons.fr\/index.php\/wp-json\/wp\/v2\/pages"}],"about":[{"href":"https:\/\/lecorpsasesraisons.fr\/index.php\/wp-json\/wp\/v2\/types\/page"}],"author":[{"embeddable":true,"href":"https:\/\/lecorpsasesraisons.fr\/index.php\/wp-json\/wp\/v2\/users\/1"}],"replies":[{"embeddable":true,"href":"https:\/\/lecorpsasesraisons.fr\/index.php\/wp-json\/wp\/v2\/comments?post=1965"}],"version-history":[{"count":24,"href":"https:\/\/lecorpsasesraisons.fr\/index.php\/wp-json\/wp\/v2\/pages\/1965\/revisions"}],"predecessor-version":[{"id":3226,"href":"https:\/\/lecorpsasesraisons.fr\/index.php\/wp-json\/wp\/v2\/pages\/1965\/revisions\/3226"}],"wp:attachment":[{"href":"https:\/\/lecorpsasesraisons.fr\/index.php\/wp-json\/wp\/v2\/media?parent=1965"}],"curies":[{"name":"wp","href":"https:\/\/api.w.org\/{rel}","templated":true}]}}